{"id":137,"date":"2018-08-27T08:02:53","date_gmt":"2018-08-27T08:02:53","guid":{"rendered":"http:\/\/localhost:81\/__KazahKonzul\/a-konzulatusrol\/"},"modified":"2025-11-24T09:30:43","modified_gmt":"2025-11-24T09:30:43","slug":"a-konzulatusrol","status":"publish","type":"page","link":"https:\/\/kazahkonzul.eu\/en\/a-konzulatusrol\/","title":{"rendered":"About the embassy"},"content":{"rendered":"<p class=\"lead\"><b>Karcag in 1998 opened the Consulate of the Republic of Kazakhstan.<\/b><\/p>\nDuring his first term of charge the Honorary Kazakh consul, Laszlo Horvath from 1998 till 2006 played an imperishable role in reviving and strengthening economical and cultural relations between the two countries. In recognition of these efforts in 2011 the Ambassador of Kasakh Republik, Rashid Ibrayev Turarovich awarded Laszlo Horvath on the 20th anniversary of constitution and independency. Because of the mention 8 year great activity there was a general incomprehension, when the new goverment came and did\u2019t lay claim to the consul or consular work. The consulate in Karcag suspended his operation in 2006, its table was covered with symbolic black veil. The ex-honorary consul continued his work as Ambassador of Cumans. During these years the Kazakh Republic didn\u2019t stop support the former Honorary Consul.\n\n<img decoding=\"async\" loading=\"lazy\" class=\"img-responsive alignnone wp-image-214 size-medium\" src=\"https:\/\/kazahkonzul.eu\/wp-content\/uploads\/A-Konzul\u00e1tusr\u00f3l-300x199.jpg\" alt=\"\" width=\"300\" height=\"199\" srcset=\"https:\/\/kazahkonzul.eu\/wp-content\/uploads\/A-Konzul\u00e1tusr\u00f3l-300x199.jpg 300w, https:\/\/kazahkonzul.eu\/wp-content\/uploads\/A-Konzul\u00e1tusr\u00f3l-768x509.jpg 768w, https:\/\/kazahkonzul.eu\/wp-content\/uploads\/A-Konzul\u00e1tusr\u00f3l.jpg 1024w\" sizes=\"(max-width: 300px) 100vw, 300px\" \/>\n\nKazakhstan Embassy in Budapest did not want to take a stand on the matter, saying that Hungary`s internal affairs, but what they announced they were absolutly satisfied with the work of consulate. Following the change of government in 2010, the barriers have been removed, and in 2012, Laszlo Horvath repeatedly asked former positions to fill. The Honorary Consul of the Republic of Kazakhstan on the opening day of II. Cumans World Summit received his credentials from the Ambassador of the Republic of Kazakhstan. The consulate is thus able to continue the work begun to establishing a closer economic and cultural strategies for both Hungary and the rural community.\n<h3>Social responsibility<\/h3>\n<b>The owner of L. A. C. Group Holding Company and Honorary Consul of Kazakhstan, Laszlo Horvath makes great afforts with altruism to care about the Hungarian-Kazakh relationship, with all available tools.<\/b>\n\nFrom the mid-seventies (70s) of the last century the turkologist of town Karcag, Stephen M\u00e1ndoky Kong\u00far has had significant exploration success in Kazakhstan. Analysing the linguistic point of view, he pointed to the issue that our lineal relatives are living in those areas. Till today more than six hundred everyday used words &#8211; apple, brave, jacket &#8211; demonstrates the cohesion beetween us. After the changing of government, Kazahs were looking for their identity, and found out, that as the Kumans believes their relatives living in the West, that means, for them we are the most western Kazakhs.\n\n<img decoding=\"async\" loading=\"lazy\" class=\"img-responsive alignnone wp-image-249 size-medium\" src=\"https:\/\/kazahkonzul.eu\/wp-content\/uploads\/Horv\u00e1th-L\u00e1szl\u00f3-200x300.jpg\" alt=\"\" width=\"200\" height=\"300\" srcset=\"https:\/\/kazahkonzul.eu\/wp-content\/uploads\/Horv\u00e1th-L\u00e1szl\u00f3-200x300.jpg 200w, https:\/\/kazahkonzul.eu\/wp-content\/uploads\/Horv\u00e1th-L\u00e1szl\u00f3-768x1151.jpg 768w, https:\/\/kazahkonzul.eu\/wp-content\/uploads\/Horv\u00e1th-L\u00e1szl\u00f3-683x1024.jpg 683w, https:\/\/kazahkonzul.eu\/wp-content\/uploads\/Horv\u00e1th-L\u00e1szl\u00f3.jpg 1024w\" sizes=\"(max-width: 200px) 100vw, 200px\" \/>\n\nThe kazahs respect us as their relatives, and as a recognition of it this close relationship encourages us to care about it. We are living in the period of the national awakening, and the traditional communities now find themselves. The traditionalists, the cavalry, warriors, or even just as researchers working on the maintenance of identity, as the municipalities and associations. Those who can do it, they try to maintain this relation in such a manner as it possible and share the parts of our mutual history. This is also considered as a social responsibility, as any action taken to protect the environment.","protected":false},"excerpt":{"rendered":"Karcag in 1998 opened the Consulate of the Republic of Kazakhstan. During his first term of charge the Honorary [&hellip;]","protected":false},"author":1,"featured_media":0,"parent":0,"menu_order":0,"comment_status":"closed","ping_status":"closed","template":"template-parts\/page-single.php","meta":{"footnotes":""},"acf":[],"yoast_head":"<!-- This site is optimized with the Yoast SEO plugin v21.4 - https:\/\/yoast.com\/wordpress\/plugins\/seo\/ -->\n<title>About the embassy - KazahKonzul<\/title>\n<meta name=\"robots\" content=\"index, follow, max-snippet:-1, max-image-preview:large, max-video-preview:-1\" \/>\n<link rel=\"canonical\" href=\"https:\/\/kazahkonzul.eu\/en\/a-konzulatusrol\/\" \/>\n<meta property=\"og:locale\" content=\"en_US\" \/>\n<meta property=\"og:type\" content=\"article\" \/>\n<meta property=\"og:title\" content=\"About the embassy - KazahKonzul\" \/>\n<meta property=\"og:description\" content=\"Karcag in 1998 opened the Consulate of the Republic of Kazakhstan. During his first term of charge the Honorary [&hellip;]\" \/>\n<meta property=\"og:url\" content=\"https:\/\/kazahkonzul.eu\/en\/a-konzulatusrol\/\" \/>\n<meta property=\"og:site_name\" content=\"KazahKonzul\" \/>\n<meta property=\"article:modified_time\" content=\"2025-11-24T09:30:43+00:00\" \/>\n<meta name=\"twitter:card\" content=\"summary_large_image\" \/>\n<meta name=\"twitter:label1\" content=\"Est. reading time\" \/>\n\t<meta name=\"twitter:data1\" content=\"3 minutes\" \/>\n<script type=\"application\/ld+json\" class=\"yoast-schema-graph\">{\"@context\":\"https:\/\/schema.org\",\"@graph\":[{\"@type\":\"WebPage\",\"@id\":\"https:\/\/kazahkonzul.eu\/en\/a-konzulatusrol\/\",\"url\":\"https:\/\/kazahkonzul.eu\/en\/a-konzulatusrol\/\",\"name\":\"About the embassy - KazahKonzul\",\"isPartOf\":{\"@id\":\"https:\/\/kazahkonzul.eu\/#website\"},\"datePublished\":\"2018-08-27T08:02:53+00:00\",\"dateModified\":\"2025-11-24T09:30:43+00:00\",\"breadcrumb\":{\"@id\":\"https:\/\/kazahkonzul.eu\/en\/a-konzulatusrol\/#breadcrumb\"},\"inLanguage\":\"en-US\",\"potentialAction\":[{\"@type\":\"ReadAction\",\"target\":[\"https:\/\/kazahkonzul.eu\/en\/a-konzulatusrol\/\"]}]},{\"@type\":\"BreadcrumbList\",\"@id\":\"https:\/\/kazahkonzul.eu\/en\/a-konzulatusrol\/#breadcrumb\",\"itemListElement\":[{\"@type\":\"ListItem\",\"position\":1,\"name\":\"Home\",\"item\":\"https:\/\/kazahkonzul.eu\/en\/\"},{\"@type\":\"ListItem\",\"position\":2,\"name\":\"About the embassy\"}]},{\"@type\":\"WebSite\",\"@id\":\"https:\/\/kazahkonzul.eu\/#website\",\"url\":\"https:\/\/kazahkonzul.eu\/\",\"name\":\"KazahKonzul\",\"description\":\"TISZTELETBELI KAZAH KONZUL\u00c1TUS KARCAG\",\"potentialAction\":[{\"@type\":\"SearchAction\",\"target\":{\"@type\":\"EntryPoint\",\"urlTemplate\":\"https:\/\/kazahkonzul.eu\/?s={search_term_string}\"},\"query-input\":\"required name=search_term_string\"}],\"inLanguage\":\"en-US\"}]}<\/script>\n<!-- \/ Yoast SEO plugin. -->","yoast_head_json":{"title":"About the embassy - KazahKonzul","robots":{"index":"index","follow":"follow","max-snippet":"max-snippet:-1","max-image-preview":"max-image-preview:large","max-video-preview":"max-video-preview:-1"},"canonical":"https:\/\/kazahkonzul.eu\/en\/a-konzulatusrol\/","og_locale":"en_US","og_type":"article","og_title":"About the embassy - KazahKonzul","og_description":"Karcag in 1998 opened the Consulate of the Republic of Kazakhstan. During his first term of charge the Honorary [&hellip;]","og_url":"https:\/\/kazahkonzul.eu\/en\/a-konzulatusrol\/","og_site_name":"KazahKonzul","article_modified_time":"2025-11-24T09:30:43+00:00","twitter_card":"summary_large_image","twitter_misc":{"Est. reading time":"3 minutes"},"schema":{"@context":"https:\/\/schema.org","@graph":[{"@type":"WebPage","@id":"https:\/\/kazahkonzul.eu\/en\/a-konzulatusrol\/","url":"https:\/\/kazahkonzul.eu\/en\/a-konzulatusrol\/","name":"About the embassy - KazahKonzul","isPartOf":{"@id":"https:\/\/kazahkonzul.eu\/#website"},"datePublished":"2018-08-27T08:02:53+00:00","dateModified":"2025-11-24T09:30:43+00:00","breadcrumb":{"@id":"https:\/\/kazahkonzul.eu\/en\/a-konzulatusrol\/#breadcrumb"},"inLanguage":"en-US","potentialAction":[{"@type":"ReadAction","target":["https:\/\/kazahkonzul.eu\/en\/a-konzulatusrol\/"]}]},{"@type":"BreadcrumbList","@id":"https:\/\/kazahkonzul.eu\/en\/a-konzulatusrol\/#breadcrumb","itemListElement":[{"@type":"ListItem","position":1,"name":"Home","item":"https:\/\/kazahkonzul.eu\/en\/"},{"@type":"ListItem","position":2,"name":"About the embassy"}]},{"@type":"WebSite","@id":"https:\/\/kazahkonzul.eu\/#website","url":"https:\/\/kazahkonzul.eu\/","name":"KazahKonzul","description":"TISZTELETBELI KAZAH KONZUL\u00c1TUS KARCAG","potentialAction":[{"@type":"SearchAction","target":{"@type":"EntryPoint","urlTemplate":"https:\/\/kazahkonzul.eu\/?s={search_term_string}"},"query-input":"required name=search_term_string"}],"inLanguage":"en-US"}]}},"_links":{"self":[{"href":"https:\/\/kazahkonzul.eu\/en\/wp-json\/wp\/v2\/pages\/137"}],"collection":[{"href":"https:\/\/kazahkonzul.eu\/en\/wp-json\/wp\/v2\/pages"}],"about":[{"href":"https:\/\/kazahkonzul.eu\/en\/wp-json\/wp\/v2\/types\/page"}],"author":[{"embeddable":true,"href":"https:\/\/kazahkonzul.eu\/en\/wp-json\/wp\/v2\/users\/1"}],"replies":[{"embeddable":true,"href":"https:\/\/kazahkonzul.eu\/en\/wp-json\/wp\/v2\/comments?post=137"}],"version-history":[{"count":11,"href":"https:\/\/kazahkonzul.eu\/en\/wp-json\/wp\/v2\/pages\/137\/revisions"}],"predecessor-version":[{"id":1233,"href":"https:\/\/kazahkonzul.eu\/en\/wp-json\/wp\/v2\/pages\/137\/revisions\/1233"}],"wp:attachment":[{"href":"https:\/\/kazahkonzul.eu\/en\/wp-json\/wp\/v2\/media?parent=137"}],"curies":[{"name":"wp","href":"https:\/\/api.w.org\/{rel}","templated":true}]}}