{"id":139,"date":"2018-08-27T08:03:12","date_gmt":"2018-08-27T08:03:12","guid":{"rendered":"http:\/\/localhost:81\/__KazahKonzul\/a-kunszovetsegrol\/"},"modified":"2018-09-06T06:41:37","modified_gmt":"2018-09-06T06:41:37","slug":"a-kunszovetsegrol","status":"publish","type":"page","link":"https:\/\/kazahkonzul.eu\/en\/a-kunszovetsegrol\/","title":{"rendered":"The Kun Association"},"content":{"rendered":"<strong>Under its statutes, the aim of Kuman Alliance is extension of wide ranged cultural activities for supporting the relations between the descents of Kuman, Pechenegs, Tatar pople.<\/strong>\r\n\r\nThe objectives of Kuman Alliance: creating a national representative brotherhood, saving the Kuman-Kipchak (Kuman, Pecheneg, Tatar) identity and traditions and to preserve the Kuman-Kipchak settlements, organizations, an array of living, supporting young people living in Kuman area, strenghten the relation with nations of South Asia, with Kuman- Kipchak people, maintain their culture and heritage.\r\n\r\nTo achieve its goals the Alliance organize and set up local and working groups, publications, publishes scientific researches and educational activities, takes a part in safekeeping of cultural heritage. President of the Association dr. Sandor Fazekas Rural Development Minister, members of the management board: Fejes Gy\u00f6rgy, Horv\u00e1th Gy\u00f6rgy, Kov\u00e1cs S\u00e1ndor, dr. Kun P\u00e9ter, dr. Magyar G\u00e1bor and Sz\u00e9pe Ferenc.\r\n\r\n<img decoding=\"async\" loading=\"lazy\" class=\"alignnone size-medium wp-image-217 img-responsive\" src=\"https:\/\/kazahkonzul.eu\/wp-content\/uploads\/A-Kunsz\u00f6vets\u00e9gr\u0151l-300x224.jpg\" alt=\"\" width=\"300\" height=\"224\" srcset=\"https:\/\/kazahkonzul.eu\/wp-content\/uploads\/A-Kunsz\u00f6vets\u00e9gr\u0151l-300x224.jpg 300w, https:\/\/kazahkonzul.eu\/wp-content\/uploads\/A-Kunsz\u00f6vets\u00e9gr\u0151l-768x574.jpg 768w, https:\/\/kazahkonzul.eu\/wp-content\/uploads\/A-Kunsz\u00f6vets\u00e9gr\u0151l.jpg 1024w\" sizes=\"(max-width: 300px) 100vw, 300px\" \/>\r\n\r\nIn accordance with the articles of Alliance the the non-profit association can benefit others, not only members. The association disclose itscommunication, reports by flyers, bulletin board which is available at the headquarter of association to the public. Connection with the operation of the association formed documents and reports are public, after preliminary discussion they may be checked at the association`s headquarters.\r\n\r\nMembers of the association can be every 14 years old natural person and any legal entity who or which adopts the objectives of the association`s statutes must recognize and make registration form. The legal person exercise their membership rights by representative.\r\n\r\nThe admission and exclusion within the competence of the executive board. The member can be excluded from organization who did not pay the dues or who violates the obligation provided for in the statutes being requested. The annual membership fee is one thousand HUF for natural persons, for senior citizens, students five hundred HUF, and five thousand HUF for legal persons per year.","protected":false},"excerpt":{"rendered":"Under its statutes, the aim of Kuman Alliance is extension of wide ranged cultural activities for supporting the relations [&hellip;]","protected":false},"author":1,"featured_media":0,"parent":0,"menu_order":0,"comment_status":"closed","ping_status":"closed","template":"template-parts\/page-single.php","meta":{"footnotes":""},"acf":[],"yoast_head":"<!-- This site is optimized with the Yoast SEO plugin v21.4 - https:\/\/yoast.com\/wordpress\/plugins\/seo\/ -->\n<title>The Kun Association - KazahKonzul<\/title>\n<meta name=\"robots\" content=\"index, follow, max-snippet:-1, max-image-preview:large, max-video-preview:-1\" \/>\n<link rel=\"canonical\" href=\"https:\/\/kazahkonzul.eu\/en\/a-kunszovetsegrol\/\" \/>\n<meta property=\"og:locale\" content=\"en_US\" \/>\n<meta property=\"og:type\" content=\"article\" \/>\n<meta property=\"og:title\" content=\"The Kun Association - KazahKonzul\" \/>\n<meta property=\"og:description\" content=\"Under its statutes, the aim of Kuman Alliance is extension of wide ranged cultural activities for supporting the relations [&hellip;]\" \/>\n<meta property=\"og:url\" content=\"https:\/\/kazahkonzul.eu\/en\/a-kunszovetsegrol\/\" \/>\n<meta property=\"og:site_name\" content=\"KazahKonzul\" \/>\n<meta property=\"article:modified_time\" content=\"2018-09-06T06:41:37+00:00\" \/>\n<meta name=\"twitter:card\" content=\"summary_large_image\" \/>\n<meta name=\"twitter:label1\" content=\"Est. reading time\" \/>\n\t<meta name=\"twitter:data1\" content=\"2 minutes\" \/>\n<script type=\"application\/ld+json\" class=\"yoast-schema-graph\">{\"@context\":\"https:\/\/schema.org\",\"@graph\":[{\"@type\":\"WebPage\",\"@id\":\"https:\/\/kazahkonzul.eu\/en\/a-kunszovetsegrol\/\",\"url\":\"https:\/\/kazahkonzul.eu\/en\/a-kunszovetsegrol\/\",\"name\":\"The Kun Association - KazahKonzul\",\"isPartOf\":{\"@id\":\"https:\/\/kazahkonzul.eu\/#website\"},\"datePublished\":\"2018-08-27T08:03:12+00:00\",\"dateModified\":\"2018-09-06T06:41:37+00:00\",\"breadcrumb\":{\"@id\":\"https:\/\/kazahkonzul.eu\/en\/a-kunszovetsegrol\/#breadcrumb\"},\"inLanguage\":\"en-US\",\"potentialAction\":[{\"@type\":\"ReadAction\",\"target\":[\"https:\/\/kazahkonzul.eu\/en\/a-kunszovetsegrol\/\"]}]},{\"@type\":\"BreadcrumbList\",\"@id\":\"https:\/\/kazahkonzul.eu\/en\/a-kunszovetsegrol\/#breadcrumb\",\"itemListElement\":[{\"@type\":\"ListItem\",\"position\":1,\"name\":\"Home\",\"item\":\"https:\/\/kazahkonzul.eu\/en\/\"},{\"@type\":\"ListItem\",\"position\":2,\"name\":\"The Kun Association\"}]},{\"@type\":\"WebSite\",\"@id\":\"https:\/\/kazahkonzul.eu\/#website\",\"url\":\"https:\/\/kazahkonzul.eu\/\",\"name\":\"KazahKonzul\",\"description\":\"TISZTELETBELI KAZAH KONZUL\u00c1TUS KARCAG\",\"potentialAction\":[{\"@type\":\"SearchAction\",\"target\":{\"@type\":\"EntryPoint\",\"urlTemplate\":\"https:\/\/kazahkonzul.eu\/?s={search_term_string}\"},\"query-input\":\"required name=search_term_string\"}],\"inLanguage\":\"en-US\"}]}<\/script>\n<!-- \/ Yoast SEO plugin. -->","yoast_head_json":{"title":"The Kun Association - KazahKonzul","robots":{"index":"index","follow":"follow","max-snippet":"max-snippet:-1","max-image-preview":"max-image-preview:large","max-video-preview":"max-video-preview:-1"},"canonical":"https:\/\/kazahkonzul.eu\/en\/a-kunszovetsegrol\/","og_locale":"en_US","og_type":"article","og_title":"The Kun Association - KazahKonzul","og_description":"Under its statutes, the aim of Kuman Alliance is extension of wide ranged cultural activities for supporting the relations [&hellip;]","og_url":"https:\/\/kazahkonzul.eu\/en\/a-kunszovetsegrol\/","og_site_name":"KazahKonzul","article_modified_time":"2018-09-06T06:41:37+00:00","twitter_card":"summary_large_image","twitter_misc":{"Est. reading time":"2 minutes"},"schema":{"@context":"https:\/\/schema.org","@graph":[{"@type":"WebPage","@id":"https:\/\/kazahkonzul.eu\/en\/a-kunszovetsegrol\/","url":"https:\/\/kazahkonzul.eu\/en\/a-kunszovetsegrol\/","name":"The Kun Association - KazahKonzul","isPartOf":{"@id":"https:\/\/kazahkonzul.eu\/#website"},"datePublished":"2018-08-27T08:03:12+00:00","dateModified":"2018-09-06T06:41:37+00:00","breadcrumb":{"@id":"https:\/\/kazahkonzul.eu\/en\/a-kunszovetsegrol\/#breadcrumb"},"inLanguage":"en-US","potentialAction":[{"@type":"ReadAction","target":["https:\/\/kazahkonzul.eu\/en\/a-kunszovetsegrol\/"]}]},{"@type":"BreadcrumbList","@id":"https:\/\/kazahkonzul.eu\/en\/a-kunszovetsegrol\/#breadcrumb","itemListElement":[{"@type":"ListItem","position":1,"name":"Home","item":"https:\/\/kazahkonzul.eu\/en\/"},{"@type":"ListItem","position":2,"name":"The Kun Association"}]},{"@type":"WebSite","@id":"https:\/\/kazahkonzul.eu\/#website","url":"https:\/\/kazahkonzul.eu\/","name":"KazahKonzul","description":"TISZTELETBELI KAZAH KONZUL\u00c1TUS KARCAG","potentialAction":[{"@type":"SearchAction","target":{"@type":"EntryPoint","urlTemplate":"https:\/\/kazahkonzul.eu\/?s={search_term_string}"},"query-input":"required name=search_term_string"}],"inLanguage":"en-US"}]}},"_links":{"self":[{"href":"https:\/\/kazahkonzul.eu\/en\/wp-json\/wp\/v2\/pages\/139"}],"collection":[{"href":"https:\/\/kazahkonzul.eu\/en\/wp-json\/wp\/v2\/pages"}],"about":[{"href":"https:\/\/kazahkonzul.eu\/en\/wp-json\/wp\/v2\/types\/page"}],"author":[{"embeddable":true,"href":"https:\/\/kazahkonzul.eu\/en\/wp-json\/wp\/v2\/users\/1"}],"replies":[{"embeddable":true,"href":"https:\/\/kazahkonzul.eu\/en\/wp-json\/wp\/v2\/comments?post=139"}],"version-history":[{"count":4,"href":"https:\/\/kazahkonzul.eu\/en\/wp-json\/wp\/v2\/pages\/139\/revisions"}],"predecessor-version":[{"id":245,"href":"https:\/\/kazahkonzul.eu\/en\/wp-json\/wp\/v2\/pages\/139\/revisions\/245"}],"wp:attachment":[{"href":"https:\/\/kazahkonzul.eu\/en\/wp-json\/wp\/v2\/media?parent=139"}],"curies":[{"name":"wp","href":"https:\/\/api.w.org\/{rel}","templated":true}]}}