{"id":143,"date":"2018-08-27T08:03:01","date_gmt":"2018-08-27T08:03:01","guid":{"rendered":"http:\/\/localhost:81\/__KazahKonzul\/karcag-varosarol\/"},"modified":"2018-09-06T06:43:14","modified_gmt":"2018-09-06T06:43:14","slug":"karcag-varosarol","status":"publish","type":"page","link":"https:\/\/kazahkonzul.eu\/en\/karcag-varosarol\/","title":{"rendered":"About Karcag"},"content":{"rendered":"<strong>The typical county town of Nagykuns\u00e1g with its 23.000 inhabitants became the cultural, commercial, health, education center of this area.<\/strong>\r\n\r\nThe History of the center of Nagykuns\u00e1g dating back to Mongol devastation to 13th century. The Cumans are from the branch of Kipchak Turks. After settling in Hungary Cumans became a Christian and had integrated into the Hungarian orders of society. These privileged people served the King as soldiers, they became Hungarian, and their ancient language, some part of their culturestill lives on today in geographical names, words and tags.\r\n\r\nThe large boundary of cities in Nagykuns\u00e1g was evolved during theTurkish occupation in the 17th century by annexing the territory of ruined villages and its remained inhabitants. That is why we call this micro area \u201eHatkuns\u00e1g\u201d, as since then only six town was revived in the 18th century. The lifestyle of these plainsmen was caraterized with animal husbandry, grazing and agriculture in toft environment.\r\n\r\nThis structure of production provided the rank of the country town for centuries. There is a variety of cultural activity in the town. Besides the exhibitions of Stephen Gy\u00f6rffy Nagykun Museum, the Alexander Kantor Pottery House and Nagykuns\u00e1g Country House you can visite the Csokonai City Library and Arts Centre of D\u00e9ryn\u00e9. In August at the Nagykuns\u00e1gi Culture Days there area lot of tradition-based programs during the Hungarian statehood celebration. The society of Karcag is multivarious and its residents are proud of their past, their traditions. The protestant affection of Hungarian Kumans is demonstrated with the Presbyterian Church on the Kossuth square with its romantic style, the catholic presence (they were settled in by the Qeens command) attested by the beautiful catholic church. The early presence of greek traders proved by the beautifuls iconostasis in the greek church.\r\n\r\n<img decoding=\"async\" loading=\"lazy\" class=\"alignnone size-medium wp-image-223 img-responsive\" src=\"https:\/\/kazahkonzul.eu\/wp-content\/uploads\/Karcag-v\u00e1ros\u00e1r\u00f3l-300x249.jpg\" alt=\"\" width=\"300\" height=\"249\" srcset=\"https:\/\/kazahkonzul.eu\/wp-content\/uploads\/Karcag-v\u00e1ros\u00e1r\u00f3l-300x249.jpg 300w, https:\/\/kazahkonzul.eu\/wp-content\/uploads\/Karcag-v\u00e1ros\u00e1r\u00f3l-768x638.jpg 768w, https:\/\/kazahkonzul.eu\/wp-content\/uploads\/Karcag-v\u00e1ros\u00e1r\u00f3l.jpg 1024w\" sizes=\"(max-width: 300px) 100vw, 300px\" \/>\r\n\r\nThe city has serious art history. It is famous for its pottery. Here lived and worked the Kossuth Prize winner Alexander Kantor, this kind of manufacture is still alive nowdays. In this town creates his works S\u00e1ndor Gy\u00f6rfi, the Munk\u00e1csy Prize-winner sculptor whose dreamed bronze statues decorate the public places in the towns and villages. Near by the highway number 4. on the Kis-hegyesbori hill there is a memorial which commemorates the settlement of Kumans. The city&#8217;s Symphony Orchestra, Salon Orchestra, the City Choir and String orchestra contributes to strengthen the colorful music scene.\r\n\r\nKarcag is the southern gateway of Hortob\u00e1gy National Park. The Hungarian Plain with its windmills, preserved areas, never-ending sandy tracks and the five-hole Zador Bridge is a feast to the eye. The thermal spa of Karcag welcomes you and the swimming pool offers relaxation and healing for visitors. The wildlife is rich in small animals provides the hunters to enjoy their hobby. The hungry people can meet and taste the splendid regional culinary delights.","protected":false},"excerpt":{"rendered":"The typical county town of Nagykuns\u00e1g with its 23.000 inhabitants became the cultural, commercial, health, education center of this [&hellip;]","protected":false},"author":1,"featured_media":0,"parent":0,"menu_order":0,"comment_status":"closed","ping_status":"closed","template":"template-parts\/page-single.php","meta":{"footnotes":""},"acf":[],"yoast_head":"<!-- This site is optimized with the Yoast SEO plugin v21.4 - https:\/\/yoast.com\/wordpress\/plugins\/seo\/ -->\n<title>About Karcag - KazahKonzul<\/title>\n<meta name=\"robots\" content=\"index, follow, max-snippet:-1, max-image-preview:large, max-video-preview:-1\" \/>\n<link rel=\"canonical\" href=\"https:\/\/kazahkonzul.eu\/en\/karcag-varosarol\/\" \/>\n<meta property=\"og:locale\" content=\"en_US\" \/>\n<meta property=\"og:type\" content=\"article\" \/>\n<meta property=\"og:title\" content=\"About Karcag - KazahKonzul\" \/>\n<meta property=\"og:description\" content=\"The typical county town of Nagykuns\u00e1g with its 23.000 inhabitants became the cultural, commercial, health, education center of this [&hellip;]\" \/>\n<meta property=\"og:url\" content=\"https:\/\/kazahkonzul.eu\/en\/karcag-varosarol\/\" \/>\n<meta property=\"og:site_name\" content=\"KazahKonzul\" \/>\n<meta property=\"article:modified_time\" content=\"2018-09-06T06:43:14+00:00\" \/>\n<meta name=\"twitter:card\" content=\"summary_large_image\" \/>\n<meta name=\"twitter:label1\" content=\"Est. reading time\" \/>\n\t<meta name=\"twitter:data1\" content=\"2 minutes\" \/>\n<script type=\"application\/ld+json\" class=\"yoast-schema-graph\">{\"@context\":\"https:\/\/schema.org\",\"@graph\":[{\"@type\":\"WebPage\",\"@id\":\"https:\/\/kazahkonzul.eu\/en\/karcag-varosarol\/\",\"url\":\"https:\/\/kazahkonzul.eu\/en\/karcag-varosarol\/\",\"name\":\"About Karcag - KazahKonzul\",\"isPartOf\":{\"@id\":\"https:\/\/kazahkonzul.eu\/#website\"},\"datePublished\":\"2018-08-27T08:03:01+00:00\",\"dateModified\":\"2018-09-06T06:43:14+00:00\",\"breadcrumb\":{\"@id\":\"https:\/\/kazahkonzul.eu\/en\/karcag-varosarol\/#breadcrumb\"},\"inLanguage\":\"en-US\",\"potentialAction\":[{\"@type\":\"ReadAction\",\"target\":[\"https:\/\/kazahkonzul.eu\/en\/karcag-varosarol\/\"]}]},{\"@type\":\"BreadcrumbList\",\"@id\":\"https:\/\/kazahkonzul.eu\/en\/karcag-varosarol\/#breadcrumb\",\"itemListElement\":[{\"@type\":\"ListItem\",\"position\":1,\"name\":\"Home\",\"item\":\"https:\/\/kazahkonzul.eu\/en\/\"},{\"@type\":\"ListItem\",\"position\":2,\"name\":\"About Karcag\"}]},{\"@type\":\"WebSite\",\"@id\":\"https:\/\/kazahkonzul.eu\/#website\",\"url\":\"https:\/\/kazahkonzul.eu\/\",\"name\":\"KazahKonzul\",\"description\":\"TISZTELETBELI KAZAH KONZUL\u00c1TUS KARCAG\",\"potentialAction\":[{\"@type\":\"SearchAction\",\"target\":{\"@type\":\"EntryPoint\",\"urlTemplate\":\"https:\/\/kazahkonzul.eu\/?s={search_term_string}\"},\"query-input\":\"required name=search_term_string\"}],\"inLanguage\":\"en-US\"}]}<\/script>\n<!-- \/ Yoast SEO plugin. -->","yoast_head_json":{"title":"About Karcag - KazahKonzul","robots":{"index":"index","follow":"follow","max-snippet":"max-snippet:-1","max-image-preview":"max-image-preview:large","max-video-preview":"max-video-preview:-1"},"canonical":"https:\/\/kazahkonzul.eu\/en\/karcag-varosarol\/","og_locale":"en_US","og_type":"article","og_title":"About Karcag - KazahKonzul","og_description":"The typical county town of Nagykuns\u00e1g with its 23.000 inhabitants became the cultural, commercial, health, education center of this [&hellip;]","og_url":"https:\/\/kazahkonzul.eu\/en\/karcag-varosarol\/","og_site_name":"KazahKonzul","article_modified_time":"2018-09-06T06:43:14+00:00","twitter_card":"summary_large_image","twitter_misc":{"Est. reading time":"2 minutes"},"schema":{"@context":"https:\/\/schema.org","@graph":[{"@type":"WebPage","@id":"https:\/\/kazahkonzul.eu\/en\/karcag-varosarol\/","url":"https:\/\/kazahkonzul.eu\/en\/karcag-varosarol\/","name":"About Karcag - KazahKonzul","isPartOf":{"@id":"https:\/\/kazahkonzul.eu\/#website"},"datePublished":"2018-08-27T08:03:01+00:00","dateModified":"2018-09-06T06:43:14+00:00","breadcrumb":{"@id":"https:\/\/kazahkonzul.eu\/en\/karcag-varosarol\/#breadcrumb"},"inLanguage":"en-US","potentialAction":[{"@type":"ReadAction","target":["https:\/\/kazahkonzul.eu\/en\/karcag-varosarol\/"]}]},{"@type":"BreadcrumbList","@id":"https:\/\/kazahkonzul.eu\/en\/karcag-varosarol\/#breadcrumb","itemListElement":[{"@type":"ListItem","position":1,"name":"Home","item":"https:\/\/kazahkonzul.eu\/en\/"},{"@type":"ListItem","position":2,"name":"About Karcag"}]},{"@type":"WebSite","@id":"https:\/\/kazahkonzul.eu\/#website","url":"https:\/\/kazahkonzul.eu\/","name":"KazahKonzul","description":"TISZTELETBELI KAZAH KONZUL\u00c1TUS KARCAG","potentialAction":[{"@type":"SearchAction","target":{"@type":"EntryPoint","urlTemplate":"https:\/\/kazahkonzul.eu\/?s={search_term_string}"},"query-input":"required name=search_term_string"}],"inLanguage":"en-US"}]}},"_links":{"self":[{"href":"https:\/\/kazahkonzul.eu\/en\/wp-json\/wp\/v2\/pages\/143"}],"collection":[{"href":"https:\/\/kazahkonzul.eu\/en\/wp-json\/wp\/v2\/pages"}],"about":[{"href":"https:\/\/kazahkonzul.eu\/en\/wp-json\/wp\/v2\/types\/page"}],"author":[{"embeddable":true,"href":"https:\/\/kazahkonzul.eu\/en\/wp-json\/wp\/v2\/users\/1"}],"replies":[{"embeddable":true,"href":"https:\/\/kazahkonzul.eu\/en\/wp-json\/wp\/v2\/comments?post=143"}],"version-history":[{"count":5,"href":"https:\/\/kazahkonzul.eu\/en\/wp-json\/wp\/v2\/pages\/143\/revisions"}],"predecessor-version":[{"id":247,"href":"https:\/\/kazahkonzul.eu\/en\/wp-json\/wp\/v2\/pages\/143\/revisions\/247"}],"wp:attachment":[{"href":"https:\/\/kazahkonzul.eu\/en\/wp-json\/wp\/v2\/media?parent=143"}],"curies":[{"name":"wp","href":"https:\/\/api.w.org\/{rel}","templated":true}]}}